{"id":6,"date":"2019-08-26T11:09:00","date_gmt":"2019-08-26T09:09:00","guid":{"rendered":"http:\/\/frederiquehutter.ch\/?page_id=6"},"modified":"2022-11-01T10:25:56","modified_gmt":"2022-11-01T09:25:56","slug":"about","status":"publish","type":"page","link":"https:\/\/www.frederiquehutter.ch\/en\/about\/","title":{"rendered":"ABOUT"},"content":{"rendered":"\n<p><strong>The newly founded FR\u00c9D\u00c9RIQUE HUTTER ART CONCEPT represents a natural transition for the art expert Fr\u00e9d\u00e9rique Hutter. On one hand, the new concept envisions the continuity of landmark exhibitions, select brokerage and sales activities in the primary and secondary markets, albeit one without the explicit need for formal and permanent exhibition spaces. On the other, the concept further includes art advice in and around collecting of established and upcoming artists, the development of private collections, as well as the execution of various art projects both in Switzerland and abroad.<\/strong> <strong>Since April 2022, she has assumed the mandate as Art Advisor of the Baloise Corporate Collection.\u00a0<\/strong><\/p>\n\n\n\n<p>Fr\u00e9d\u00e9rique Hutter\u2019s noteworthy career in the art world spans over 25 years. In 1995 she completed an internship at Christie&#8217;s in Geneva, where she first gained invaluable experience within the inner workings of the international art-auctioning scene. This was followed by notable stops at leading galleries such as Kunstsalon Wolfsberg \u2013 a traditional art gallery specializing in modern Swiss art \u2013 and several years at the renowned and internationally acclaimed Galerie Bruno Bischofberger, with a focus on Modern-, American Pop- and Conceptual Art, where she oversaw the ideation, organization and execution of significant art shows in internationally acclaimed museums and for the gallery\u2019s own Bruno Bischofberger Collection.&nbsp;In 2000, teaming up with gallerist Nicola von Senger, she took over the management of arsFutura, a gallery widely recognized for the discovery, introduction and exhibition of works by cutting-edge contemporary artists, followed by terse terms at esteemed venues such as Gallery Eva Presenhuber (then Hauser &amp; Wirth II), Elisabeth Kaufmann, Gmurzynska and Haunch of Venison.<\/p>\n\n\n\n<p>In 2008 Fr\u00e9d\u00e9rique Hutter founded <a href=\"http:\/\/katzcontemporary.com\/\" target=\"_blank\" rel=\"noopener noreferrer\">KATZ CONTEMPORARY<\/a>, a Zurich-based gallery she successfully led as director for a decade. During this time, she curated and devised more than <a href=\"http:\/\/katzcontemporary.com\/exhibitions\/past\/\" target=\"_blank\" rel=\"noopener noreferrer\">50 exhibitions<\/a>, building up the careers of young artists while also offering internationally established players of the art scene a much-respected exhibition platform in Switzerland. In her gallery space, she also organized numerous independent <a href=\"http:\/\/katzcontemporary.com\/projects\/events\/\" target=\"_blank\" rel=\"noopener noreferrer\">art projects and art-related events<\/a>, which awarded the venue its status as one of Zurich\u2019s leading cultural spaces.<\/p>\n\n\n\n<p>In addition to her professional endeavours, Fr\u00e9d\u00e9rique Hutter has been an active ambassador for the <a href=\"http:\/\/www.sanni-foundation.ch\/\" target=\"_blank\" rel=\"noopener noreferrer\">SANNI Foundation<\/a>since 2017, an organization dedicated to educating and fostering the talent of children and adolescents, tackling extreme poverty, promoting health and empowering women in India.<\/p>\n\n\n\n<figure class=\"wp-block-image\"><a href=\"https:\/\/www.instagram.com\/frederiquehutter\/?hl=en\" target=\"_blank\" rel=\"noopener noreferrer\"><img loading=\"lazy\" decoding=\"async\" width=\"25\" height=\"24\" src=\"https:\/\/www.frederiquehutter.ch\/wp-content\/uploads\/2020\/03\/Insta_Icon.jpg\" alt=\"\" class=\"wp-image-1393\"\/><\/a><\/figure>\n","protected":false},"excerpt":{"rendered":"<p>The newly founded FR\u00c9D\u00c9RIQUE HUTTER ART CONCEPT represents a natural transition for the art expert Fr\u00e9d\u00e9rique Hutter. On one hand, the new concept envisions the continuity of landmark exhibitions, select brokerage and sales activities in the primary and secondary markets, albeit one without the explicit need for formal and permanent exhibition spaces. On the other, &hellip;<\/p>\n","protected":false},"author":1,"featured_media":2359,"parent":0,"menu_order":0,"comment_status":"closed","ping_status":"closed","template":"template-about.php","meta":{"_acf_changed":false,"footnotes":""},"class_list":["post-6","page","type-page","status-publish","has-post-thumbnail","hentry"],"translation":{"provider":"WPGlobus","version":"3.0.2","language":"en","enabled_languages":["de","en"],"languages":{"de":{"title":true,"content":true,"excerpt":false},"en":{"title":true,"content":true,"excerpt":false}}},"acf":[],"_links":{"self":[{"href":"https:\/\/www.frederiquehutter.ch\/en\/wp-json\/wp\/v2\/pages\/6","targetHints":{"allow":["GET"]}}],"collection":[{"href":"https:\/\/www.frederiquehutter.ch\/en\/wp-json\/wp\/v2\/pages"}],"about":[{"href":"https:\/\/www.frederiquehutter.ch\/en\/wp-json\/wp\/v2\/types\/page"}],"author":[{"embeddable":true,"href":"https:\/\/www.frederiquehutter.ch\/en\/wp-json\/wp\/v2\/users\/1"}],"replies":[{"embeddable":true,"href":"https:\/\/www.frederiquehutter.ch\/en\/wp-json\/wp\/v2\/comments?post=6"}],"version-history":[{"count":29,"href":"https:\/\/www.frederiquehutter.ch\/en\/wp-json\/wp\/v2\/pages\/6\/revisions"}],"predecessor-version":[{"id":4131,"href":"https:\/\/www.frederiquehutter.ch\/en\/wp-json\/wp\/v2\/pages\/6\/revisions\/4131"}],"wp:featuredmedia":[{"embeddable":true,"href":"https:\/\/www.frederiquehutter.ch\/en\/wp-json\/wp\/v2\/media\/2359"}],"wp:attachment":[{"href":"https:\/\/www.frederiquehutter.ch\/en\/wp-json\/wp\/v2\/media?parent=6"}],"curies":[{"name":"wp","href":"https:\/\/api.w.org\/{rel}","templated":true}]}}